{"id":16,"date":"2014-03-26T22:15:08","date_gmt":"2014-03-26T22:15:08","guid":{"rendered":"http:\/\/its-conf.org\/2014\/?page_id=16"},"modified":"2025-05-09T12:50:10","modified_gmt":"2025-05-09T12:50:10","slug":"committees","status":"publish","type":"page","link":"https:\/\/www.smartcities-conf.org\/oldconferences\/2025\/committees\/","title":{"rendered":"Committees"},"content":{"rendered":"<p><strong>Program Chair<\/strong><\/p>\n<p>Guo Chao (Alex) Peng, School of Information Management,\u00a0Sun Yat-sen University, Guangzhou, China<\/p>\n<p><strong>\u00a0<\/strong><\/p>\n<p><strong>MCCSIS General Conference Co-Chairs<\/strong><\/p>\n<p>Piet Kommers, UNESCO Professor of Educational Technology, The Netherlands<\/p>\n<p>Pedro Isaias, Universidade Aberta (Portuguese Open University), Portugal<\/p>\n<p>&nbsp;<\/p>\n<p><strong>Program Committee*<\/strong><\/p>\n<p>Alessandro Bocci, University Of Pisa, Italy<br \/>\nAndreas Menychtas, University of Piraeus, Greece<br \/>\nCarlos Cruz, Universidad De Alcal\u00e1, Spain<br \/>\nChafik Mahaya, University Of Biskra, Algeria<br \/>\nDavide Careglio, Universitat Polit\u00e8cnica De Catalunya, Spain<br \/>\nFelipe Araya, Universidad Tecnica Federico Santa Maria, Chile<br \/>\nGiovanni Merlino, University Of Messina, Italy<br \/>\nHanna Kavalionak, Isti-cnr, Italy<br \/>\nIrfan Al-anbagi, University Of Regina, Canada<br \/>\nJacopo Massa, University Of Pisa, Italy<br \/>\nJavier Faulin, Public University Of Navarra, Spain<br \/>\nKamran Soomro, University Of West England, United Kingdom<br \/>\nLeonardo Sierra, Universidad De La Frontera, Chile<br \/>\nLuca Ferrucci, University Of Pisa, Italy<br \/>\nMailyn Moreno, Facultad de Inform\u00e1tica, Universidad Complutense d, Spain<br \/>\nMani Krishna, University Of Massachusetts Amherst, USA<br \/>\nMarcos Tostado-V\u00e9liz, Universidad De Ja\u00e9n, Espa\u00f1a<br \/>\nNabil Georges Badr, University Of Saint Joseph, United States<br \/>\nNishant Saurabh, University Of Utrecht, Netherlands<br \/>\nNoureddine Zemmouri, University Of Biskra, Algeria<br \/>\nPatrizo Dazzi, University of Pisa, Italy<br \/>\nPeter Mechant, Ghent University, Belgium<br \/>\nPierfrancesco Bellini, University Of Florence, Italy<br \/>\nRabinarayan Mahapatra, Texas A&amp;m University, United States<br \/>\nRamin Yahyapour, GWDG\/University Goettingen, Germany<br \/>\nRaquel Martinez Espana, Universidad de Murcia, Spain<br \/>\nRiccardo Bettati, Texas A&amp;M University, USA<br \/>\nRosaldo Rossetti, University of Porto, Portugal<br \/>\nSandro Leuchter, Mannheim University of Applied Sciences, Germany<br \/>\nValerio Besozzi, University Of Pisa, Italy<br \/>\nXiao Huang, Emory University, United States<br \/>\nZahra Najafabadi, University Of Innsbruck, Austria<br \/>\nZhu Ye, Cleveland State University, USA<\/p>\n<p>*committee members are being invited<\/p>\n","protected":false},"excerpt":{"rendered":"<p>Program Chair Guo Chao (Alex) Peng, School of Information Management,\u00a0Sun Yat-sen University, Guangzhou, China \u00a0 MCCSIS General Conference Co-Chairs Piet Kommers, UNESCO Professor of Educational Technology, The Netherlands Pedro Isaias, Universidade Aberta (Portuguese Open University), Portugal &nbsp; Program Committee* Alessandro Bocci, University Of Pisa, Italy Andreas Menychtas, University of Piraeus, Greece Carlos Cruz, Universidad De [&hellip;]<\/p>\n","protected":false},"author":1,"featured_media":0,"parent":0,"menu_order":0,"comment_status":"closed","ping_status":"closed","template":"","meta":{"footnotes":""},"class_list":["post-16","page","type-page","status-publish","hentry"],"_links":{"self":[{"href":"https:\/\/www.smartcities-conf.org\/oldconferences\/2025\/wp-json\/wp\/v2\/pages\/16","targetHints":{"allow":["GET"]}}],"collection":[{"href":"https:\/\/www.smartcities-conf.org\/oldconferences\/2025\/wp-json\/wp\/v2\/pages"}],"about":[{"href":"https:\/\/www.smartcities-conf.org\/oldconferences\/2025\/wp-json\/wp\/v2\/types\/page"}],"author":[{"embeddable":true,"href":"https:\/\/www.smartcities-conf.org\/oldconferences\/2025\/wp-json\/wp\/v2\/users\/1"}],"replies":[{"embeddable":true,"href":"https:\/\/www.smartcities-conf.org\/oldconferences\/2025\/wp-json\/wp\/v2\/comments?post=16"}],"version-history":[{"count":117,"href":"https:\/\/www.smartcities-conf.org\/oldconferences\/2025\/wp-json\/wp\/v2\/pages\/16\/revisions"}],"predecessor-version":[{"id":2441,"href":"https:\/\/www.smartcities-conf.org\/oldconferences\/2025\/wp-json\/wp\/v2\/pages\/16\/revisions\/2441"}],"wp:attachment":[{"href":"https:\/\/www.smartcities-conf.org\/oldconferences\/2025\/wp-json\/wp\/v2\/media?parent=16"}],"curies":[{"name":"wp","href":"https:\/\/api.w.org\/{rel}","templated":true}]}}